{"id":87,"date":"2025-05-27T15:31:48","date_gmt":"2025-05-27T12:31:48","guid":{"rendered":"https:\/\/drhuseyinaltay.com\/?page_id=87"},"modified":"2025-06-19T01:50:37","modified_gmt":"2025-06-18T22:50:37","slug":"blog","status":"publish","type":"page","link":"https:\/\/drhuseyinaltay.com\/index.php\/blog\/","title":{"rendered":"Sertifikalar"},"content":{"rendered":"\n<div class=\"wp-block-envira-envira-gallery\"><div id=\"envira-gallery-wrap-184\" class=\"envira-gallery-wrap envira-gallery-theme-base envira-lightbox-theme-base\" itemscope itemtype=\"https:\/\/schema.org\/ImageGallery\"><div data-row-height=\"150\" data-gallery-theme=\"normal\" id=\"envira-gallery-184\" class=\"envira-gallery-public envira-gallery-justified-public envira-gallery-0-columns envira-clear enviratope envira-gallery-css-animations\" data-envira-columns=\"0\"><div id=\"envira-gallery-item-161\" class=\"envira-gallery-item enviratope-item envira-gallery-item-1 envira-lazy-load\" style=\"padding-left: 1px; padding-bottom: 1px; padding-right: 1px;\"  itemscope itemtype=\"https:\/\/schema.org\/ImageObject\"><div class=\"envira-gallery-item-inner\"><div class=\"envira-gallery-position-overlay  envira-gallery-top-left\"><\/div><div class=\"envira-gallery-position-overlay  envira-gallery-top-right\"><\/div><div class=\"envira-gallery-position-overlay  envira-gallery-bottom-left\"><\/div><div class=\"envira-gallery-position-overlay  envira-gallery-bottom-right\"><\/div><a href=\"https:\/\/drhuseyinaltay.com\/wp-content\/uploads\/2025\/06\/Ekran-goruntusu-2025-06-19-004242.png\" class=\"envira-gallery-184 envira-gallery-link\" rel=\"enviragallery184\" title=\"Ekran g&ouml;r&uuml;nt&uuml;s&uuml; 2025-06-19 004242\" data-envira-caption=\"Ekran g&ouml;r&uuml;nt&uuml;s&uuml; 2025-06-19 004242\" data-envira-retina=\"\" data-thumbnail=\"\"  itemprop=\"contentUrl\"><img decoding=\"async\" id=\"envira-gallery-image-161\" class=\"envira-gallery-image envira-gallery-image-1 envira-normal envira-lazy\" data-envira-index=\"1\" src=\"https:\/\/drhuseyinaltay.com\/wp-content\/uploads\/2025\/06\/Ekran-goruntusu-2025-06-19-004242-1024x691-640x480.png\" data-envira-src=\"https:\/\/drhuseyinaltay.com\/wp-content\/uploads\/2025\/06\/Ekran-goruntusu-2025-06-19-004242-1024x691-640x480.png\" data-envira-gallery-id=\"184\" data-envira-item-id=\"161\" data-envira-caption=\"Ekran g&ouml;r&uuml;nt&uuml;s&uuml; 2025-06-19 004242\" alt=\"\" title=\"Ekran g\u00f6r\u00fcnt\u00fcs\u00fc 2025-06-19 004242\"  itemprop=\"thumbnailUrl\" data-envira-srcset=\"https:\/\/drhuseyinaltay.com\/wp-content\/uploads\/2025\/06\/Ekran-goruntusu-2025-06-19-004242-1024x691-640x480.png 400w,https:\/\/drhuseyinaltay.com\/wp-content\/uploads\/2025\/06\/Ekran-goruntusu-2025-06-19-004242-1024x691-640x480.png 2x\" data-envira-width=\"300\" data-envira-height=\"202\" srcset=\"data:image\/gif;base64,R0lGODlhAQABAIAAAP\/\/\/\/\/\/\/yH5BAEKAAEALAAAAAABAAEAAAICTAEAOw==\" data-safe-src=\"data:image\/gif;base64,R0lGODlhAQABAIAAAP\/\/\/\/\/\/\/yH5BAEKAAEALAAAAAABAAEAAAICTAEAOw==\" \/><\/a><\/div><\/div><div id=\"envira-gallery-item-160\" class=\"envira-gallery-item enviratope-item envira-gallery-item-2 envira-lazy-load\" style=\"padding-left: 1px; padding-bottom: 1px; padding-right: 1px;\"  itemscope itemtype=\"https:\/\/schema.org\/ImageObject\"><div class=\"envira-gallery-item-inner\"><div class=\"envira-gallery-position-overlay  envira-gallery-top-left\"><\/div><div class=\"envira-gallery-position-overlay  envira-gallery-top-right\"><\/div><div class=\"envira-gallery-position-overlay  envira-gallery-bottom-left\"><\/div><div class=\"envira-gallery-position-overlay  envira-gallery-bottom-right\"><\/div><a href=\"https:\/\/drhuseyinaltay.com\/wp-content\/uploads\/2025\/06\/Ekran-goruntusu-2025-06-19-004203.png\" class=\"envira-gallery-184 envira-gallery-link\" rel=\"enviragallery184\" title=\"Ekran g&ouml;r&uuml;nt&uuml;s&uuml; 2025-06-19 004203\" data-envira-caption=\"Ekran g&ouml;r&uuml;nt&uuml;s&uuml; 2025-06-19 004203\" data-envira-retina=\"\" data-thumbnail=\"\"  itemprop=\"contentUrl\"><img decoding=\"async\" id=\"envira-gallery-image-160\" class=\"envira-gallery-image envira-gallery-image-2 envira-normal envira-lazy\" data-envira-index=\"2\" src=\"https:\/\/drhuseyinaltay.com\/wp-content\/uploads\/2025\/06\/Ekran-goruntusu-2025-06-19-004203-640x480.png\" data-envira-src=\"https:\/\/drhuseyinaltay.com\/wp-content\/uploads\/2025\/06\/Ekran-goruntusu-2025-06-19-004203-640x480.png\" data-envira-gallery-id=\"184\" data-envira-item-id=\"160\" data-envira-caption=\"Ekran g&ouml;r&uuml;nt&uuml;s&uuml; 2025-06-19 004203\" alt=\"\" title=\"Ekran g\u00f6r\u00fcnt\u00fcs\u00fc 2025-06-19 004203\"  itemprop=\"thumbnailUrl\" data-envira-srcset=\"https:\/\/drhuseyinaltay.com\/wp-content\/uploads\/2025\/06\/Ekran-goruntusu-2025-06-19-004203-640x480.png 400w,https:\/\/drhuseyinaltay.com\/wp-content\/uploads\/2025\/06\/Ekran-goruntusu-2025-06-19-004203-640x480.png 2x\" data-envira-width=\"300\" data-envira-height=\"208\" srcset=\"data:image\/gif;base64,R0lGODlhAQABAIAAAP\/\/\/\/\/\/\/yH5BAEKAAEALAAAAAABAAEAAAICTAEAOw==\" data-safe-src=\"data:image\/gif;base64,R0lGODlhAQABAIAAAP\/\/\/\/\/\/\/yH5BAEKAAEALAAAAAABAAEAAAICTAEAOw==\" \/><\/a><\/div><\/div><div id=\"envira-gallery-item-159\" class=\"envira-gallery-item enviratope-item envira-gallery-item-3 envira-lazy-load\" style=\"padding-left: 1px; padding-bottom: 1px; padding-right: 1px;\"  itemscope itemtype=\"https:\/\/schema.org\/ImageObject\"><div class=\"envira-gallery-item-inner\"><div class=\"envira-gallery-position-overlay  envira-gallery-top-left\"><\/div><div class=\"envira-gallery-position-overlay  envira-gallery-top-right\"><\/div><div class=\"envira-gallery-position-overlay  envira-gallery-bottom-left\"><\/div><div class=\"envira-gallery-position-overlay  envira-gallery-bottom-right\"><\/div><a href=\"https:\/\/drhuseyinaltay.com\/wp-content\/uploads\/2025\/06\/Ekran-goruntusu-2025-06-19-004124.png\" class=\"envira-gallery-184 envira-gallery-link\" rel=\"enviragallery184\" title=\"Ekran g&ouml;r&uuml;nt&uuml;s&uuml; 2025-06-19 004124\" data-envira-caption=\"Ekran g&ouml;r&uuml;nt&uuml;s&uuml; 2025-06-19 004124\" data-envira-retina=\"\" data-thumbnail=\"\"  itemprop=\"contentUrl\"><img decoding=\"async\" id=\"envira-gallery-image-159\" class=\"envira-gallery-image envira-gallery-image-3 envira-normal envira-lazy\" data-envira-index=\"3\" src=\"https:\/\/drhuseyinaltay.com\/wp-content\/uploads\/2025\/06\/Ekran-goruntusu-2025-06-19-004124-640x480.png\" data-envira-src=\"https:\/\/drhuseyinaltay.com\/wp-content\/uploads\/2025\/06\/Ekran-goruntusu-2025-06-19-004124-640x480.png\" data-envira-gallery-id=\"184\" data-envira-item-id=\"159\" data-envira-caption=\"Ekran g&ouml;r&uuml;nt&uuml;s&uuml; 2025-06-19 004124\" alt=\"\" title=\"Ekran g\u00f6r\u00fcnt\u00fcs\u00fc 2025-06-19 004124\"  itemprop=\"thumbnailUrl\" data-envira-srcset=\"https:\/\/drhuseyinaltay.com\/wp-content\/uploads\/2025\/06\/Ekran-goruntusu-2025-06-19-004124-640x480.png 400w,https:\/\/drhuseyinaltay.com\/wp-content\/uploads\/2025\/06\/Ekran-goruntusu-2025-06-19-004124-640x480.png 2x\" data-envira-width=\"300\" data-envira-height=\"209\" srcset=\"data:image\/gif;base64,R0lGODlhAQABAIAAAP\/\/\/\/\/\/\/yH5BAEKAAEALAAAAAABAAEAAAICTAEAOw==\" data-safe-src=\"data:image\/gif;base64,R0lGODlhAQABAIAAAP\/\/\/\/\/\/\/yH5BAEKAAEALAAAAAABAAEAAAICTAEAOw==\" \/><\/a><\/div><\/div><div id=\"envira-gallery-item-158\" class=\"envira-gallery-item enviratope-item envira-gallery-item-4 envira-lazy-load\" style=\"padding-left: 1px; padding-bottom: 1px; padding-right: 1px;\"  itemscope itemtype=\"https:\/\/schema.org\/ImageObject\"><div class=\"envira-gallery-item-inner\"><div class=\"envira-gallery-position-overlay  envira-gallery-top-left\"><\/div><div class=\"envira-gallery-position-overlay  envira-gallery-top-right\"><\/div><div class=\"envira-gallery-position-overlay  envira-gallery-bottom-left\"><\/div><div class=\"envira-gallery-position-overlay  envira-gallery-bottom-right\"><\/div><a href=\"https:\/\/drhuseyinaltay.com\/wp-content\/uploads\/2025\/06\/Ekran-goruntusu-2025-06-19-004142.png\" class=\"envira-gallery-184 envira-gallery-link\" rel=\"enviragallery184\" title=\"Ekran g&ouml;r&uuml;nt&uuml;s&uuml; 2025-06-19 004142\" data-envira-caption=\"Ekran g&ouml;r&uuml;nt&uuml;s&uuml; 2025-06-19 004142\" data-envira-retina=\"\" data-thumbnail=\"\"  itemprop=\"contentUrl\"><img decoding=\"async\" id=\"envira-gallery-image-158\" class=\"envira-gallery-image envira-gallery-image-4 envira-normal envira-lazy\" data-envira-index=\"4\" src=\"https:\/\/drhuseyinaltay.com\/wp-content\/uploads\/2025\/06\/Ekran-goruntusu-2025-06-19-004142-640x480.png\" data-envira-src=\"https:\/\/drhuseyinaltay.com\/wp-content\/uploads\/2025\/06\/Ekran-goruntusu-2025-06-19-004142-640x480.png\" data-envira-gallery-id=\"184\" data-envira-item-id=\"158\" data-envira-caption=\"Ekran g&ouml;r&uuml;nt&uuml;s&uuml; 2025-06-19 004142\" alt=\"\" title=\"Ekran g\u00f6r\u00fcnt\u00fcs\u00fc 2025-06-19 004142\"  itemprop=\"thumbnailUrl\" data-envira-srcset=\"https:\/\/drhuseyinaltay.com\/wp-content\/uploads\/2025\/06\/Ekran-goruntusu-2025-06-19-004142-640x480.png 400w,https:\/\/drhuseyinaltay.com\/wp-content\/uploads\/2025\/06\/Ekran-goruntusu-2025-06-19-004142-640x480.png 2x\" data-envira-width=\"300\" data-envira-height=\"210\" srcset=\"data:image\/gif;base64,R0lGODlhAQABAIAAAP\/\/\/\/\/\/\/yH5BAEKAAEALAAAAAABAAEAAAICTAEAOw==\" data-safe-src=\"data:image\/gif;base64,R0lGODlhAQABAIAAAP\/\/\/\/\/\/\/yH5BAEKAAEALAAAAAABAAEAAAICTAEAOw==\" \/><\/a><\/div><\/div><div id=\"envira-gallery-item-157\" class=\"envira-gallery-item enviratope-item envira-gallery-item-5 envira-lazy-load\" style=\"padding-left: 1px; padding-bottom: 1px; padding-right: 1px;\"  itemscope itemtype=\"https:\/\/schema.org\/ImageObject\"><div class=\"envira-gallery-item-inner\"><div class=\"envira-gallery-position-overlay  envira-gallery-top-left\"><\/div><div class=\"envira-gallery-position-overlay  envira-gallery-top-right\"><\/div><div class=\"envira-gallery-position-overlay  envira-gallery-bottom-left\"><\/div><div class=\"envira-gallery-position-overlay  envira-gallery-bottom-right\"><\/div><a href=\"https:\/\/drhuseyinaltay.com\/wp-content\/uploads\/2025\/06\/Ekran-goruntusu-2025-06-19-004224.png\" class=\"envira-gallery-184 envira-gallery-link\" rel=\"enviragallery184\" title=\"Ekran g&ouml;r&uuml;nt&uuml;s&uuml; 2025-06-19 004224\" data-envira-caption=\"Ekran g&ouml;r&uuml;nt&uuml;s&uuml; 2025-06-19 004224\" data-envira-retina=\"\" data-thumbnail=\"\"  itemprop=\"contentUrl\"><img decoding=\"async\" id=\"envira-gallery-image-157\" class=\"envira-gallery-image envira-gallery-image-5 envira-normal envira-lazy\" data-envira-index=\"5\" src=\"https:\/\/drhuseyinaltay.com\/wp-content\/uploads\/2025\/06\/Ekran-goruntusu-2025-06-19-004224-640x480.png\" data-envira-src=\"https:\/\/drhuseyinaltay.com\/wp-content\/uploads\/2025\/06\/Ekran-goruntusu-2025-06-19-004224-640x480.png\" data-envira-gallery-id=\"184\" data-envira-item-id=\"157\" data-envira-caption=\"Ekran g&ouml;r&uuml;nt&uuml;s&uuml; 2025-06-19 004224\" alt=\"\" title=\"Ekran g\u00f6r\u00fcnt\u00fcs\u00fc 2025-06-19 004224\"  itemprop=\"thumbnailUrl\" data-envira-srcset=\"https:\/\/drhuseyinaltay.com\/wp-content\/uploads\/2025\/06\/Ekran-goruntusu-2025-06-19-004224-640x480.png 400w,https:\/\/drhuseyinaltay.com\/wp-content\/uploads\/2025\/06\/Ekran-goruntusu-2025-06-19-004224-640x480.png 2x\" data-envira-width=\"300\" data-envira-height=\"210\" srcset=\"data:image\/gif;base64,R0lGODlhAQABAIAAAP\/\/\/\/\/\/\/yH5BAEKAAEALAAAAAABAAEAAAICTAEAOw==\" data-safe-src=\"data:image\/gif;base64,R0lGODlhAQABAIAAAP\/\/\/\/\/\/\/yH5BAEKAAEALAAAAAABAAEAAAICTAEAOw==\" \/><\/a><\/div><\/div><div id=\"envira-gallery-item-156\" class=\"envira-gallery-item enviratope-item envira-gallery-item-6 envira-lazy-load\" style=\"padding-left: 1px; padding-bottom: 1px; padding-right: 1px;\"  itemscope itemtype=\"https:\/\/schema.org\/ImageObject\"><div class=\"envira-gallery-item-inner\"><div class=\"envira-gallery-position-overlay  envira-gallery-top-left\"><\/div><div class=\"envira-gallery-position-overlay  envira-gallery-top-right\"><\/div><div class=\"envira-gallery-position-overlay  envira-gallery-bottom-left\"><\/div><div class=\"envira-gallery-position-overlay  envira-gallery-bottom-right\"><\/div><a href=\"https:\/\/drhuseyinaltay.com\/wp-content\/uploads\/2025\/06\/Ekran-goruntusu-2025-06-19-004051.png\" class=\"envira-gallery-184 envira-gallery-link\" rel=\"enviragallery184\" title=\"Ekran g&ouml;r&uuml;nt&uuml;s&uuml; 2025-06-19 004051\" data-envira-caption=\"Ekran g&ouml;r&uuml;nt&uuml;s&uuml; 2025-06-19 004051\" data-envira-retina=\"\" data-thumbnail=\"\"  itemprop=\"contentUrl\"><img decoding=\"async\" id=\"envira-gallery-image-156\" class=\"envira-gallery-image envira-gallery-image-6 envira-normal envira-lazy\" data-envira-index=\"6\" src=\"https:\/\/drhuseyinaltay.com\/wp-content\/uploads\/2025\/06\/Ekran-goruntusu-2025-06-19-004051-640x480.png\" data-envira-src=\"https:\/\/drhuseyinaltay.com\/wp-content\/uploads\/2025\/06\/Ekran-goruntusu-2025-06-19-004051-640x480.png\" data-envira-gallery-id=\"184\" data-envira-item-id=\"156\" data-envira-caption=\"Ekran g&ouml;r&uuml;nt&uuml;s&uuml; 2025-06-19 004051\" alt=\"\" title=\"Ekran g\u00f6r\u00fcnt\u00fcs\u00fc 2025-06-19 004051\"  itemprop=\"thumbnailUrl\" data-envira-srcset=\"https:\/\/drhuseyinaltay.com\/wp-content\/uploads\/2025\/06\/Ekran-goruntusu-2025-06-19-004051-640x480.png 400w,https:\/\/drhuseyinaltay.com\/wp-content\/uploads\/2025\/06\/Ekran-goruntusu-2025-06-19-004051-640x480.png 2x\" data-envira-width=\"300\" data-envira-height=\"210\" srcset=\"data:image\/gif;base64,R0lGODlhAQABAIAAAP\/\/\/\/\/\/\/yH5BAEKAAEALAAAAAABAAEAAAICTAEAOw==\" data-safe-src=\"data:image\/gif;base64,R0lGODlhAQABAIAAAP\/\/\/\/\/\/\/yH5BAEKAAEALAAAAAABAAEAAAICTAEAOw==\" \/><\/a><\/div><\/div><div id=\"envira-gallery-item-155\" class=\"envira-gallery-item enviratope-item envira-gallery-item-7 envira-lazy-load\" style=\"padding-left: 1px; padding-bottom: 1px; padding-right: 1px;\"  itemscope itemtype=\"https:\/\/schema.org\/ImageObject\"><div class=\"envira-gallery-item-inner\"><div class=\"envira-gallery-position-overlay  envira-gallery-top-left\"><\/div><div class=\"envira-gallery-position-overlay  envira-gallery-top-right\"><\/div><div class=\"envira-gallery-position-overlay  envira-gallery-bottom-left\"><\/div><div class=\"envira-gallery-position-overlay  envira-gallery-bottom-right\"><\/div><a href=\"https:\/\/drhuseyinaltay.com\/wp-content\/uploads\/2025\/06\/Ekran-goruntusu-2025-06-19-004302.png\" class=\"envira-gallery-184 envira-gallery-link\" rel=\"enviragallery184\" title=\"Ekran g&ouml;r&uuml;nt&uuml;s&uuml; 2025-06-19 004302\" data-envira-caption=\"Ekran g&ouml;r&uuml;nt&uuml;s&uuml; 2025-06-19 004302\" data-envira-retina=\"\" data-thumbnail=\"\"  itemprop=\"contentUrl\"><img decoding=\"async\" id=\"envira-gallery-image-155\" class=\"envira-gallery-image envira-gallery-image-7 envira-normal envira-lazy\" data-envira-index=\"7\" src=\"https:\/\/drhuseyinaltay.com\/wp-content\/uploads\/2025\/06\/Ekran-goruntusu-2025-06-19-004302-640x480.png\" data-envira-src=\"https:\/\/drhuseyinaltay.com\/wp-content\/uploads\/2025\/06\/Ekran-goruntusu-2025-06-19-004302-640x480.png\" data-envira-gallery-id=\"184\" data-envira-item-id=\"155\" data-envira-caption=\"Ekran g&ouml;r&uuml;nt&uuml;s&uuml; 2025-06-19 004302\" alt=\"\" title=\"Ekran g\u00f6r\u00fcnt\u00fcs\u00fc 2025-06-19 004302\"  itemprop=\"thumbnailUrl\" data-envira-srcset=\"https:\/\/drhuseyinaltay.com\/wp-content\/uploads\/2025\/06\/Ekran-goruntusu-2025-06-19-004302-640x480.png 400w,https:\/\/drhuseyinaltay.com\/wp-content\/uploads\/2025\/06\/Ekran-goruntusu-2025-06-19-004302-640x480.png 2x\" data-envira-width=\"300\" data-envira-height=\"212\" srcset=\"data:image\/gif;base64,R0lGODlhAQABAIAAAP\/\/\/\/\/\/\/yH5BAEKAAEALAAAAAABAAEAAAICTAEAOw==\" data-safe-src=\"data:image\/gif;base64,R0lGODlhAQABAIAAAP\/\/\/\/\/\/\/yH5BAEKAAEALAAAAAABAAEAAAICTAEAOw==\" \/><\/a><\/div><\/div><div id=\"envira-gallery-item-154\" class=\"envira-gallery-item enviratope-item envira-gallery-item-8 envira-lazy-load\" style=\"padding-left: 1px; padding-bottom: 1px; padding-right: 1px;\"  itemscope itemtype=\"https:\/\/schema.org\/ImageObject\"><div class=\"envira-gallery-item-inner\"><div class=\"envira-gallery-position-overlay  envira-gallery-top-left\"><\/div><div class=\"envira-gallery-position-overlay  envira-gallery-top-right\"><\/div><div class=\"envira-gallery-position-overlay  envira-gallery-bottom-left\"><\/div><div class=\"envira-gallery-position-overlay  envira-gallery-bottom-right\"><\/div><a href=\"https:\/\/drhuseyinaltay.com\/wp-content\/uploads\/2025\/06\/Ekran-goruntusu-2025-06-19-004340.png\" class=\"envira-gallery-184 envira-gallery-link\" rel=\"enviragallery184\" title=\"Ekran g&ouml;r&uuml;nt&uuml;s&uuml; 2025-06-19 004340\" data-envira-caption=\"Ekran g&ouml;r&uuml;nt&uuml;s&uuml; 2025-06-19 004340\" data-envira-retina=\"\" data-thumbnail=\"\"  itemprop=\"contentUrl\"><img decoding=\"async\" id=\"envira-gallery-image-154\" class=\"envira-gallery-image envira-gallery-image-8 envira-normal envira-lazy\" data-envira-index=\"8\" src=\"https:\/\/drhuseyinaltay.com\/wp-content\/uploads\/2025\/06\/Ekran-goruntusu-2025-06-19-004340-640x480.png\" data-envira-src=\"https:\/\/drhuseyinaltay.com\/wp-content\/uploads\/2025\/06\/Ekran-goruntusu-2025-06-19-004340-640x480.png\" data-envira-gallery-id=\"184\" data-envira-item-id=\"154\" data-envira-caption=\"Ekran g&ouml;r&uuml;nt&uuml;s&uuml; 2025-06-19 004340\" alt=\"\" title=\"Ekran g\u00f6r\u00fcnt\u00fcs\u00fc 2025-06-19 004340\"  itemprop=\"thumbnailUrl\" data-envira-srcset=\"https:\/\/drhuseyinaltay.com\/wp-content\/uploads\/2025\/06\/Ekran-goruntusu-2025-06-19-004340-640x480.png 400w,https:\/\/drhuseyinaltay.com\/wp-content\/uploads\/2025\/06\/Ekran-goruntusu-2025-06-19-004340-640x480.png 2x\" data-envira-width=\"300\" data-envira-height=\"212\" srcset=\"data:image\/gif;base64,R0lGODlhAQABAIAAAP\/\/\/\/\/\/\/yH5BAEKAAEALAAAAAABAAEAAAICTAEAOw==\" data-safe-src=\"data:image\/gif;base64,R0lGODlhAQABAIAAAP\/\/\/\/\/\/\/yH5BAEKAAEALAAAAAABAAEAAAICTAEAOw==\" \/><\/a><\/div><\/div><\/div><\/div><noscript><img decoding=\"async\" src=\"https:\/\/drhuseyinaltay.com\/wp-content\/uploads\/2025\/06\/Ekran-goruntusu-2025-06-19-004242.png\" alt=\"\" \/><img decoding=\"async\" src=\"https:\/\/drhuseyinaltay.com\/wp-content\/uploads\/2025\/06\/Ekran-goruntusu-2025-06-19-004203.png\" alt=\"\" \/><img decoding=\"async\" src=\"https:\/\/drhuseyinaltay.com\/wp-content\/uploads\/2025\/06\/Ekran-goruntusu-2025-06-19-004124.png\" alt=\"\" \/><img decoding=\"async\" src=\"https:\/\/drhuseyinaltay.com\/wp-content\/uploads\/2025\/06\/Ekran-goruntusu-2025-06-19-004142.png\" alt=\"\" \/><img decoding=\"async\" src=\"https:\/\/drhuseyinaltay.com\/wp-content\/uploads\/2025\/06\/Ekran-goruntusu-2025-06-19-004224.png\" alt=\"\" \/><img decoding=\"async\" src=\"https:\/\/drhuseyinaltay.com\/wp-content\/uploads\/2025\/06\/Ekran-goruntusu-2025-06-19-004051.png\" alt=\"\" \/><img decoding=\"async\" src=\"https:\/\/drhuseyinaltay.com\/wp-content\/uploads\/2025\/06\/Ekran-goruntusu-2025-06-19-004302.png\" alt=\"\" \/><img decoding=\"async\" src=\"https:\/\/drhuseyinaltay.com\/wp-content\/uploads\/2025\/06\/Ekran-goruntusu-2025-06-19-004340.png\" alt=\"\" \/><\/noscript><\/div>\n","protected":false},"excerpt":{"rendered":"","protected":false},"author":1,"featured_media":0,"parent":0,"menu_order":0,"comment_status":"closed","ping_status":"closed","template":"","meta":{"site-sidebar-layout":"default","site-content-layout":"","ast-site-content-layout":"default","site-content-style":"default","site-sidebar-style":"default","ast-global-header-display":"","ast-banner-title-visibility":"","ast-main-header-display":"","ast-hfb-above-header-display":"","ast-hfb-below-header-display":"","ast-hfb-mobile-header-display":"","site-post-title":"","ast-breadcrumbs-content":"","ast-featured-img":"","footer-sml-layout":"","theme-transparent-header-meta":"","adv-header-id-meta":"","stick-header-meta":"","header-above-stick-meta":"","header-main-stick-meta":"","header-below-stick-meta":"","astra-migrate-meta-layouts":"default","ast-page-background-enabled":"default","ast-page-background-meta":{"desktop":{"background-color":"var(--ast-global-color-5)","background-image":"","background-repeat":"repeat","background-position":"center center","background-size":"auto","background-attachment":"scroll","background-type":"","background-media":"","overlay-type":"","overlay-color":"","overlay-opacity":"","overlay-gradient":""},"tablet":{"background-color":"","background-image":"","background-repeat":"repeat","background-position":"center center","background-size":"auto","background-attachment":"scroll","background-type":"","background-media":"","overlay-type":"","overlay-color":"","overlay-opacity":"","overlay-gradient":""},"mobile":{"background-color":"","background-image":"","background-repeat":"repeat","background-position":"center center","background-size":"auto","background-attachment":"scroll","background-type":"","background-media":"","overlay-type":"","overlay-color":"","overlay-opacity":"","overlay-gradient":""}},"ast-content-background-meta":{"desktop":{"background-color":"var(--ast-global-color-4)","background-image":"","background-repeat":"repeat","background-position":"center center","background-size":"auto","background-attachment":"scroll","background-type":"","background-media":"","overlay-type":"","overlay-color":"","overlay-opacity":"","overlay-gradient":""},"tablet":{"background-color":"var(--ast-global-color-4)","background-image":"","background-repeat":"repeat","background-position":"center center","background-size":"auto","background-attachment":"scroll","background-type":"","background-media":"","overlay-type":"","overlay-color":"","overlay-opacity":"","overlay-gradient":""},"mobile":{"background-color":"var(--ast-global-color-4)","background-image":"","background-repeat":"repeat","background-position":"center center","background-size":"auto","background-attachment":"scroll","background-type":"","background-media":"","overlay-type":"","overlay-color":"","overlay-opacity":"","overlay-gradient":""}},"footnotes":""},"class_list":["post-87","page","type-page","status-publish","hentry"],"_links":{"self":[{"href":"https:\/\/drhuseyinaltay.com\/index.php\/wp-json\/wp\/v2\/pages\/87","targetHints":{"allow":["GET"]}}],"collection":[{"href":"https:\/\/drhuseyinaltay.com\/index.php\/wp-json\/wp\/v2\/pages"}],"about":[{"href":"https:\/\/drhuseyinaltay.com\/index.php\/wp-json\/wp\/v2\/types\/page"}],"author":[{"embeddable":true,"href":"https:\/\/drhuseyinaltay.com\/index.php\/wp-json\/wp\/v2\/users\/1"}],"replies":[{"embeddable":true,"href":"https:\/\/drhuseyinaltay.com\/index.php\/wp-json\/wp\/v2\/comments?post=87"}],"version-history":[{"count":4,"href":"https:\/\/drhuseyinaltay.com\/index.php\/wp-json\/wp\/v2\/pages\/87\/revisions"}],"predecessor-version":[{"id":185,"href":"https:\/\/drhuseyinaltay.com\/index.php\/wp-json\/wp\/v2\/pages\/87\/revisions\/185"}],"wp:attachment":[{"href":"https:\/\/drhuseyinaltay.com\/index.php\/wp-json\/wp\/v2\/media?parent=87"}],"curies":[{"name":"wp","href":"https:\/\/api.w.org\/{rel}","templated":true}]}}