{"id":82,"date":"2025-05-27T15:30:36","date_gmt":"2025-05-27T12:30:36","guid":{"rendered":"https:\/\/drhuseyinaltay.com\/?page_id=82"},"modified":"2025-08-29T15:05:04","modified_gmt":"2025-08-29T12:05:04","slug":"fonksiyonel-tip","status":"publish","type":"page","link":"https:\/\/drhuseyinaltay.com\/index.php\/fonksiyonel-tip\/","title":{"rendered":"Fonksiyonel T\u0131p"},"content":{"rendered":"\n<p><strong>FONKS\u0130YONEL VE K\u0130\u015e\u0130YE \u00d6ZEL B\u00dcT\u00dcNC\u00dcL TIP NED\u0130R ;<\/strong><\/p>\n\n\n\n<p><strong>Riski y\u00f6netmeyen Krizi y\u00f6netmek zorunda kal\u0131r.<\/strong><\/p>\n\n\n\n<p>Fonksiyonel ve ki\u015fiye \u00f6zel b\u00fct\u00fcnc\u00fcl t\u0131p uygulamalar\u0131 <strong>hastal\u0131k olu\u015fmas\u0131n\u0131 beklemeden<\/strong> ( Kriz olu\u015fmadan )&nbsp; v\u00fccudun hastal\u0131\u011fa gidi\u015f \u00f6ncesi&nbsp; vermi\u015f oldu\u011fu belirtileri ( riskler ) g\u00f6rmeye odaklan\u0131r.<\/p>\n\n\n\n<p>Bu belirtilere neden olabilecek<strong> altta yatan<\/strong> genetik fakt\u00f6rler, \u00e7evresel etkiler, beslenme, ya\u015fam tarz\u0131, duygusal durum ve di\u011fer fakt\u00f6rler gibi temel sorunlar\u0131 d\u00fczeltmeye \u00e7al\u0131\u015f\u0131r.&nbsp;<\/p>\n\n\n\n<figure class=\"wp-block-image size-full\"><img loading=\"lazy\" decoding=\"async\" width=\"979\" height=\"386\" src=\"https:\/\/drhuseyinaltay.com\/wp-content\/uploads\/2025\/08\/fks.png\" alt=\"\" class=\"wp-image-218\" srcset=\"https:\/\/drhuseyinaltay.com\/wp-content\/uploads\/2025\/08\/fks.png 979w, https:\/\/drhuseyinaltay.com\/wp-content\/uploads\/2025\/08\/fks-300x118.png 300w, https:\/\/drhuseyinaltay.com\/wp-content\/uploads\/2025\/08\/fks-768x303.png 768w\" sizes=\"auto, (max-width: 979px) 100vw, 979px\" \/><\/figure>\n\n\n\n<p><\/p>\n\n\n\n<p>Her bireyin kendine \u00f6zel genetik, \u00e7evre, beslenme, ya\u015fam tarz\u0131, duygusal durumu olmas\u0131 nedeniyle Fonksiyonel ve ki\u015fiye \u00f6zel b\u00fct\u00fcnc\u00fcl t\u0131p uygulamalar\u0131da <strong>ki\u015fiye \u00f6zel <\/strong>olmak zorundad\u0131r.<\/p>\n\n\n\n<p>Bu yakla\u015f\u0131mda ama\u00e7 sadece hastalar\u0131 tedavi etmek de\u011fil, sa\u011fl\u0131kl\u0131 ki\u015filerin de daha sa\u011fl\u0131kl\u0131 olmalar\u0131n\u0131 ve sa\u011fl\u0131kl\u0131 durumunu devam ettirmelerini sa\u011flamak, hastal\u0131k geli\u015fmesini m\u00fcmk\u00fcnse engellemek ve geciktirmektir.<\/p>\n\n\n\n<p><strong>FONKS\u0130YONEL VE K\u0130\u015e\u0130YE \u00d6ZEL B\u00dcT\u00dcNC\u00dcL TIP NASIL \u00c7ALI\u015eIR?<\/strong><\/p>\n\n\n\n<p>Doktor g\u00f6r\u00fc\u015fmesi \u00f6ncesi ki\u015finin al\u0131\u015fkanl\u0131klar\u0131, kulland\u0131\u011f\u0131 ila\u00e7lar\u0131, stres durumu, uykusu, sosyal durumu, beslenmesi, sporla ili\u015fkisi, g\u00fcnl\u00fck aktivitesi gibi t\u00fcm detaylar\u0131 i\u00e7eren form ayr\u0131nt\u0131l\u0131 incelendikten sonra ilk hasta doktor g\u00f6r\u00fc\u015fmesi yap\u0131l\u0131r. Riskli g\u00f6r\u00fclen sistemler ve hastal\u0131\u011fa neden olabilecek fonksiyonel bozukluklar ileri laboratuvar testleri ile \u00f6l\u00e7\u00fcmlenir.<\/p>\n\n\n\n<figure class=\"wp-block-image size-full\"><img loading=\"lazy\" decoding=\"async\" width=\"485\" height=\"273\" src=\"https:\/\/drhuseyinaltay.com\/wp-content\/uploads\/2025\/08\/byt.png\" alt=\"\" class=\"wp-image-220\" srcset=\"https:\/\/drhuseyinaltay.com\/wp-content\/uploads\/2025\/08\/byt.png 485w, https:\/\/drhuseyinaltay.com\/wp-content\/uploads\/2025\/08\/byt-300x169.png 300w\" sizes=\"auto, (max-width: 485px) 100vw, 485px\" \/><\/figure>\n\n\n\n<p>Ki\u015finin genetik, biyokimyasal, hormonal ve ya\u015fam tarz\u0131 farkl\u0131l\u0131klar\u0131yla hastal\u0131k riski olu\u015fturan, ve geli\u015fmi\u015f veya kronikle\u015fmi\u015f hastal\u0131klar\u0131yla ilgili bilgileri h\u00fccresel d\u00fczeyde de\u011ferlendiren bu ileri tetkikler sonucunda, uzun vadede hastal\u0131k risklerini ortadan kald\u0131racak, kronik hastal\u0131klar\u0131ndan ve kulland\u0131\u011f\u0131 ila\u00e7lardan kurtulaca\u011f\u0131 ki\u015fiye \u00f6zel bir tedavi plan\u0131 ve hayat tarz\u0131 program\u0131 olu\u015fturulur.<\/p>\n\n\n\n<figure class=\"wp-block-image size-full\"><img loading=\"lazy\" decoding=\"async\" width=\"949\" height=\"587\" src=\"https:\/\/drhuseyinaltay.com\/wp-content\/uploads\/2025\/08\/mks.png\" alt=\"\" class=\"wp-image-222\" srcset=\"https:\/\/drhuseyinaltay.com\/wp-content\/uploads\/2025\/08\/mks.png 949w, https:\/\/drhuseyinaltay.com\/wp-content\/uploads\/2025\/08\/mks-300x186.png 300w, https:\/\/drhuseyinaltay.com\/wp-content\/uploads\/2025\/08\/mks-768x475.png 768w\" sizes=\"auto, (max-width: 949px) 100vw, 949px\" \/><\/figure>\n\n\n\n<p>F<strong>ONKS\u0130YONEL VE K\u0130\u015e\u0130YE \u00d6ZEL B\u00dcT\u00dcNC\u00dcL TIP NELER\u0130 KULLANIR?<\/strong><\/p>\n\n\n\n<p>&#8220;\u0130nsan, yedi\u011fi \u015feydir&#8221; Alman filozof Ludwig Feuerbach<\/p>\n\n\n\n<p>V\u00fccudumuz, d\u0131\u015f d\u00fcnyayla temas etti\u011fi iki sistem derimiz ve a\u011f\u0131z yoluyla ald\u0131\u011f\u0131m\u0131z kat\u0131 ve s\u0131v\u0131 g\u0131dalar\u0131n temas eden sindirim sistemimizdir.<\/p>\n\n\n\n<p>Bu nedenle hastal\u0131klar\u0131n en b\u00fcy\u00fck nedenleri v\u00fccudumuza temas eden toksinler ve beslenmede kulland\u0131\u011f\u0131m\u0131z g\u0131dalard\u0131r. Fonksiyonel t\u0131p do\u011fru beslenme y\u00f6ntemi ile do\u011fru besinleri bulmaya yard\u0131mc\u0131 olur. \u0130leri teknolojik testlerle belirlenen eksik g\u0131da takviyesi damar yoluyla klinik ortamda verilir. (Antioksidan olarak Glutatyon, C vitamini, \u00e7inko, B vitaminleri, alfa lipoik asit, kolin \u2026).<\/p>\n\n\n\n<p><strong>FONKS\u0130YONEL VE K\u0130\u015e\u0130YE \u00d6ZEL B\u00dcT\u00dcNC\u00dcL TIP HANG\u0130 DURUMLARA ODAKLANIR ?<\/strong><\/p>\n\n\n\n<p>Fonksiyonel t\u0131p, genellikle hastal\u0131klar\u0131 ve yaln\u0131zca semptomlar\u0131 tedavi etmek yerine, temel nedenleri anlamaya ve ele almaya ve hastal\u0131k geli\u015fimini \u00f6nlemek ve sa\u011fl\u0131\u011f\u0131n devam etmesini sa\u011flamaya odakland\u0131\u011f\u0131 i\u00e7in \u00e7e\u015fitli sa\u011fl\u0131k sorunlar\u0131na y\u00f6neliktir.<\/p>\n\n\n\n<p>Fonksiyonel ve ki\u015fiye \u00f6zel b\u00fct\u00fcnc\u00fcl t\u0131p uygulamalar\u0131n\u0131n en \u00e7ok kullan\u0131ld\u0131\u011f\u0131 durumlar;<\/p>\n\n\n\n<figure class=\"wp-block-image size-full\"><img loading=\"lazy\" decoding=\"async\" width=\"887\" height=\"552\" src=\"https:\/\/drhuseyinaltay.com\/wp-content\/uploads\/2025\/08\/adm.png\" alt=\"\" class=\"wp-image-223\" srcset=\"https:\/\/drhuseyinaltay.com\/wp-content\/uploads\/2025\/08\/adm.png 887w, https:\/\/drhuseyinaltay.com\/wp-content\/uploads\/2025\/08\/adm-300x187.png 300w, https:\/\/drhuseyinaltay.com\/wp-content\/uploads\/2025\/08\/adm-768x478.png 768w\" sizes=\"auto, (max-width: 887px) 100vw, 887px\" \/><\/figure>\n\n\n\n<p><strong>Kronik Hastal\u0131klar<\/strong><strong>: <\/strong>Bu hastal\u0131klar aras\u0131nda tip 2 diyabet, kardiyovask\u00fcler hastal\u0131klar, otoimm\u00fcn hastal\u0131klar ve fibromiyalji gibi durumlar bulunabilir.<\/p>\n\n\n\n<p><strong>Sindirim Sistemi Problemleri<\/strong><strong>:<\/strong> \u00d6zellikle irritabl ba\u011f\u0131rsak sendromu (IBS), inflamatuar barsak hastal\u0131\u011f\u0131 (IBD), ve sindirim problemleriyle ili\u015fkili di\u011fer durumlar\u0131 anlamak ve ele almak i\u00e7in kullan\u0131labilir.<\/p>\n\n\n\n<p><strong>Hormonal Dengesizlikler<\/strong><strong>: <\/strong>Tiroid problemleri, adrenal disfonksiyon, \u00f6strojen ve testosteron dengesizlikleri , Menopoz sonras\u0131 hormon desteklenmesi gibi durumlar\u0131 inceleyebilir.<\/p>\n\n\n\n<p><strong>Metabolik Sendrom<\/strong><strong>:<\/strong> Bu, obezite, y\u00fcksek kan bas\u0131nc\u0131, y\u00fcksek kolesterol, ins\u00fclin direnci ve di\u011fer metabolik sorunlar\u0131n bir kombinasyonunu i\u00e7eren bir sendromdur.<\/p>\n\n\n\n<p><a><\/a><strong>Kanser:<\/strong><strong> <\/strong>Fonksiyonel ve ki\u015fiye \u00f6zel b\u00fct\u00fcnc\u00fcl t\u0131p uygulamalar\u0131n\u0131n kanserden Korunma ve Kanser Tedavileri Esnas\u0131nda v\u00fccuda destek, terapi soras\u0131 v\u00fccudun detoks a\u00e7\u0131s\u0131ndan etkindir.<\/p>\n\n\n\n<p><a><\/a><strong>Fonksiyonel ve ki\u015fiye \u00f6zel b\u00fct\u00fcnc\u00fcl T\u0131p tedavi program\u0131 nedir?<\/strong><\/p>\n\n\n\n<p><a><\/a>Fonksiyonel T\u0131p tedavi program\u0131nda kronik hastal\u0131klar\u0131 iyile\u015ftirmek , hastal\u0131k risklerini tan\u0131mlamak amacland\u0131\u011f\u0131 i\u00e7in tedavi program\u0131 3 g\u00f6r\u00fc\u015fmeden olu\u015fan bir pakettir. Fonksiyonel ve ki\u015fiye \u00f6zel b\u00fct\u00fcnc\u00fcl t\u0131p muayenesi i\u00e7in randevu ald\u0131\u011f\u0131n\u0131zda bu 3 g\u00f6r\u00fc\u015fme i\u00e7in paket alm\u0131\u015f olursunuz.<\/p>\n\n\n\n<p><strong>1.G\u00f6r\u00fc\u015fme:<\/strong>\u00a0 Randevu \u00f6ncesinde\u00a0 doktorunuz taraf\u0131ndan size g\u00f6nderilen ayr\u0131nt\u0131l\u0131 bir anamnez formunu zaman ay\u0131r\u0131p tam olarak doldurduktan sonra size verilen randevu saatinde t\u00fcm sa\u011fl\u0131k sorunlar\u0131n\u0131z ve sa\u011fl\u0131k durumunuzun de\u011ferlendirilip gerekli olan laboratuvar ve g\u00f6r\u00fcnt\u00fcleme tetkiklerinin istenece\u011fi yakla\u015f\u0131k 1 saatlik bir g\u00f6r\u00fc\u015fmedir.<\/p>\n\n\n\n<p><strong>2.G\u00f6r\u00fc\u015fme :<\/strong> \u0130stenen tetkiklerin sonu\u00e7lanmas\u0131ndan sonra de\u011ferlendirilip gerekli destek \u00fcr\u00fcnleri, diyet \u00f6nerileri ve ya\u015fam tarz\u0131 de\u011fi\u015fikliklerinin g\u00f6r\u00fc\u015f\u00fcld\u00fc\u011f\u00fc yakla\u015f\u0131k yar\u0131m saatlik bir g\u00f6r\u00fc\u015fmedir.<\/p>\n\n\n\n<figure class=\"wp-block-image size-large\"><img loading=\"lazy\" decoding=\"async\" width=\"1024\" height=\"485\" src=\"https:\/\/drhuseyinaltay.com\/wp-content\/uploads\/2025\/08\/spr-1024x485.png\" alt=\"\" class=\"wp-image-224\" srcset=\"https:\/\/drhuseyinaltay.com\/wp-content\/uploads\/2025\/08\/spr-1024x485.png 1024w, https:\/\/drhuseyinaltay.com\/wp-content\/uploads\/2025\/08\/spr-300x142.png 300w, https:\/\/drhuseyinaltay.com\/wp-content\/uploads\/2025\/08\/spr-768x364.png 768w, https:\/\/drhuseyinaltay.com\/wp-content\/uploads\/2025\/08\/spr.png 1189w\" sizes=\"auto, (max-width: 1024px) 100vw, 1024px\" \/><\/figure>\n\n\n\n<p><strong>3.G\u00f6r\u00fc\u015fme :<\/strong> 2. g\u00f6r\u00fc\u015fmeden yakla\u015f\u0131k 1 ay sonra uygulanan tedaviye uyumun de\u011ferlendirildi\u011fi, gerekli de\u011fi\u015fikliklerin yap\u0131ld\u0131\u011f\u0131 ve gerek duyulan ek tetkiklerin istendi\u011fi yakla\u015f\u0131k yar\u0131m saat s\u00fcren bir g\u00f6r\u00fc\u015fmedir.<\/p>\n","protected":false},"excerpt":{"rendered":"<p>FONKS\u0130YONEL VE K\u0130\u015e\u0130YE \u00d6ZEL B\u00dcT\u00dcNC\u00dcL TIP NED\u0130R ; Riski y\u00f6netmeyen Krizi y\u00f6netmek zorunda kal\u0131r. Fonksiyonel ve ki\u015fiye \u00f6zel b\u00fct\u00fcnc\u00fcl t\u0131p [&hellip;]<\/p>\n","protected":false},"author":1,"featured_media":0,"parent":0,"menu_order":0,"comment_status":"closed","ping_status":"closed","template":"","meta":{"site-sidebar-layout":"default","site-content-layout":"","ast-site-content-layout":"default","site-content-style":"default","site-sidebar-style":"default","ast-global-header-display":"","ast-banner-title-visibility":"","ast-main-header-display":"","ast-hfb-above-header-display":"","ast-hfb-below-header-display":"","ast-hfb-mobile-header-display":"","site-post-title":"","ast-breadcrumbs-content":"","ast-featured-img":"","footer-sml-layout":"","theme-transparent-header-meta":"","adv-header-id-meta":"","stick-header-meta":"","header-above-stick-meta":"","header-main-stick-meta":"","header-below-stick-meta":"","astra-migrate-meta-layouts":"default","ast-page-background-enabled":"default","ast-page-background-meta":{"desktop":{"background-color":"var(--ast-global-color-5)","background-image":"","background-repeat":"repeat","background-position":"center center","background-size":"auto","background-attachment":"scroll","background-type":"","background-media":"","overlay-type":"","overlay-color":"","overlay-opacity":"","overlay-gradient":""},"tablet":{"background-color":"","background-image":"","background-repeat":"repeat","background-position":"center center","background-size":"auto","background-attachment":"scroll","background-type":"","background-media":"","overlay-type":"","overlay-color":"","overlay-opacity":"","overlay-gradient":""},"mobile":{"background-color":"","background-image":"","background-repeat":"repeat","background-position":"center center","background-size":"auto","background-attachment":"scroll","background-type":"","background-media":"","overlay-type":"","overlay-color":"","overlay-opacity":"","overlay-gradient":""}},"ast-content-background-meta":{"desktop":{"background-color":"var(--ast-global-color-4)","background-image":"","background-repeat":"repeat","background-position":"center center","background-size":"auto","background-attachment":"scroll","background-type":"","background-media":"","overlay-type":"","overlay-color":"","overlay-opacity":"","overlay-gradient":""},"tablet":{"background-color":"var(--ast-global-color-4)","background-image":"","background-repeat":"repeat","background-position":"center center","background-size":"auto","background-attachment":"scroll","background-type":"","background-media":"","overlay-type":"","overlay-color":"","overlay-opacity":"","overlay-gradient":""},"mobile":{"background-color":"var(--ast-global-color-4)","background-image":"","background-repeat":"repeat","background-position":"center center","background-size":"auto","background-attachment":"scroll","background-type":"","background-media":"","overlay-type":"","overlay-color":"","overlay-opacity":"","overlay-gradient":""}},"footnotes":""},"class_list":["post-82","page","type-page","status-publish","hentry"],"_links":{"self":[{"href":"https:\/\/drhuseyinaltay.com\/index.php\/wp-json\/wp\/v2\/pages\/82","targetHints":{"allow":["GET"]}}],"collection":[{"href":"https:\/\/drhuseyinaltay.com\/index.php\/wp-json\/wp\/v2\/pages"}],"about":[{"href":"https:\/\/drhuseyinaltay.com\/index.php\/wp-json\/wp\/v2\/types\/page"}],"author":[{"embeddable":true,"href":"https:\/\/drhuseyinaltay.com\/index.php\/wp-json\/wp\/v2\/users\/1"}],"replies":[{"embeddable":true,"href":"https:\/\/drhuseyinaltay.com\/index.php\/wp-json\/wp\/v2\/comments?post=82"}],"version-history":[{"count":5,"href":"https:\/\/drhuseyinaltay.com\/index.php\/wp-json\/wp\/v2\/pages\/82\/revisions"}],"predecessor-version":[{"id":225,"href":"https:\/\/drhuseyinaltay.com\/index.php\/wp-json\/wp\/v2\/pages\/82\/revisions\/225"}],"wp:attachment":[{"href":"https:\/\/drhuseyinaltay.com\/index.php\/wp-json\/wp\/v2\/media?parent=82"}],"curies":[{"name":"wp","href":"https:\/\/api.w.org\/{rel}","templated":true}]}}